{"id":797,"date":"2021-11-30T00:20:54","date_gmt":"2021-11-29T23:20:54","guid":{"rendered":"https:\/\/incapickguards.com\/?page_id=797"},"modified":"2026-03-02T13:39:47","modified_gmt":"2026-03-02T12:39:47","slug":"contact","status":"publish","type":"page","link":"https:\/\/incapickguards.com\/index.php\/contact\/","title":{"rendered":"Contact"},"content":{"rendered":"\n<h2>INCA c&#8217;est fini. Mais nous continuons \u00e0 r\u00e9pondre aux mails.<\/h2>\n\n\n<div class=\"everest-forms\"><div class=\"evf-container default\" id=\"evf-10\"><form id=\"evf-form-10\" class=\"everest-form\" data-formid=\"10\" data-ajax_submission=\"0\" data-keyboard_friendly_form=\"0\" method=\"post\" enctype=\"multipart\/form-data\" action=\"\/index.php\/wp-json\/wp\/v2\/pages\/797\"><div class=\"evf-field-container\"><input type=\"hidden\" id=\"_wpnonce10\" name=\"_wpnonce10\" value=\"a4bf584b89\" \/><input type=\"hidden\" name=\"_wp_http_referer\" value=\"\/index.php\/wp-json\/wp\/v2\/pages\/797\" \/><div class=\"evf-frontend-row\" data-row=\"row_1\" conditional_rules=\"[]\"><div class=\"evf-frontend-grid evf-grid-1\" data-grid=\"grid_1\"><div id=\"evf-10-field_fullname-container\" class=\"evf-field evf-field-text form-row validate-required\" data-required-field-message=\"Ce champ est n\u00e9cessaire. On a vraiment envie de savoir comment vous vous appelez.\" data-field-id=\"fullname\"><label class=\"evf-field-label\" for=\"evf-10-field_fullname\"><span class=\"evf-label\">Pr\u00e9nom<\/span> <abbr class=\"required\" title=\"N\u00e9cessaire\">*<\/abbr><\/label><input type=\"text\" id=\"evf-10-field_fullname\" class=\"input-text\" name=\"everest_forms[form_fields][fullname]\" required><\/div><div id=\"evf-10-field_email-container\" class=\"evf-field evf-field-email form-row validate-required validate-email\" data-required-field-message=\"Veuillez entrer une adresse e-mail valide. C&#039;est vachement plus pratique pour vous r\u00e9pondre.\" data-field-id=\"email\"><label class=\"evf-field-label\" for=\"evf-10-field_email\"><span class=\"evf-label\">Email<\/span> <abbr class=\"required\" title=\"N\u00e9cessaire\">*<\/abbr><\/label><input type=\"email\" id=\"evf-10-field_email\" class=\"input-text\" name=\"everest_forms[form_fields][email]\" required ><\/div><div id=\"evf-10-field_subject-container\" class=\"evf-field evf-field-text form-row validate-required\" data-required-field-message=\"Ce champ est n\u00e9cessaire. Allez, pour nous faire plaisir...\" data-field-id=\"subject\"><label class=\"evf-field-label\" for=\"evf-10-field_subject\"><span class=\"evf-label\">Sujet<\/span> <abbr class=\"required\" title=\"N\u00e9cessaire\">*<\/abbr><\/label><input type=\"text\" id=\"evf-10-field_subject\" class=\"input-text\" name=\"everest_forms[form_fields][subject]\" required><\/div><div id=\"evf-10-field_message-container\" class=\"evf-field evf-field-textarea form-row validate-required\" data-required-field-message=\"Ce champ est n\u00e9cessaire. Surtout si vous voulez nous dire quelque chose...\" data-field-id=\"message\"><label class=\"evf-field-label\" for=\"evf-10-field_message\"><span class=\"evf-label\">Message<\/span> <abbr class=\"required\" title=\"N\u00e9cessaire\">*<\/abbr><\/label><textarea id=\"evf-10-field_message\" class=\"input-text\" name=\"everest_forms[form_fields][message]\" required ><\/textarea><\/div><\/div><\/div><\/div><div class=\"evf-honeypot-container evf-field-hp\"><label for=\"evf-10-field-hp\" class=\"evf-field-label\">Name<\/label><input type=\"text\" name=\"everest_forms[hp]\" id=\"evf-10-field-hp\" class=\"input-text\"><\/div><div class=\"evf-submit-container \" ><input type=\"hidden\" name=\"everest_forms[id]\" value=\"10\"><input type=\"hidden\" name=\"everest_forms[author]\" value=\"1\"><button type='submit' name='everest_forms[submit]' class='everest-forms-submit-button button evf-submit ' id='evf-submit-10' value='evf-submit' data-process-text=\"En traitement\u2026\" conditional_rules='&quot;&quot;' conditional_id='evf-submit-10'  id=\"evf-submit-10\" aria-live=\"assertive\">Valider<\/button><\/div><\/form><\/div><!-- .evf-container --><\/div>","protected":false},"excerpt":{"rendered":"<p>INCA c&#8217;est fini. Mais nous continuons \u00e0 r\u00e9pondre aux mails.<\/p>\n","protected":false},"author":1,"featured_media":0,"parent":0,"menu_order":0,"comment_status":"closed","ping_status":"closed","template":"","meta":{"neve_meta_sidebar":"","neve_meta_container":"","neve_meta_enable_content_width":"","neve_meta_content_width":0,"neve_meta_title_alignment":"","neve_meta_author_avatar":"","neve_post_elements_order":"","neve_meta_disable_header":"","neve_meta_disable_footer":"","neve_meta_disable_title":"","ngg_post_thumbnail":0,"spay_email":""},"yoast_head":"<!-- This site is optimized with the Yoast SEO plugin v18.8 - https:\/\/yoast.com\/wordpress\/plugins\/seo\/ -->\n<title>Contact - INCA<\/title>\n<meta name=\"robots\" content=\"index, follow, max-snippet:-1, max-image-preview:large, max-video-preview:-1\" \/>\n<link rel=\"canonical\" href=\"https:\/\/incapickguards.com\/index.php\/contact\/\" \/>\n<meta property=\"og:locale\" content=\"fr_FR\" \/>\n<meta property=\"og:type\" content=\"article\" \/>\n<meta property=\"og:title\" content=\"Contact - INCA\" \/>\n<meta property=\"og:description\" content=\"INCA c&#8217;est fini. Mais nous continuons \u00e0 r\u00e9pondre aux mails.\" \/>\n<meta property=\"og:url\" content=\"https:\/\/incapickguards.com\/index.php\/contact\/\" \/>\n<meta property=\"og:site_name\" content=\"INCA\" \/>\n<meta property=\"article:modified_time\" content=\"2026-03-02T12:39:47+00:00\" \/>\n<meta name=\"twitter:card\" content=\"summary_large_image\" \/>\n<meta name=\"twitter:label1\" content=\"Dur\u00e9e de lecture estim\u00e9e\" \/>\n\t<meta name=\"twitter:data1\" content=\"1 minute\" \/>\n<script type=\"application\/ld+json\" class=\"yoast-schema-graph\">{\"@context\":\"https:\/\/schema.org\",\"@graph\":[{\"@type\":\"WebSite\",\"@id\":\"https:\/\/incapickguards.com\/#website\",\"url\":\"https:\/\/incapickguards.com\/\",\"name\":\"INCA\",\"description\":\"Graphic Pickguards\",\"potentialAction\":[{\"@type\":\"SearchAction\",\"target\":{\"@type\":\"EntryPoint\",\"urlTemplate\":\"https:\/\/incapickguards.com\/?s={search_term_string}\"},\"query-input\":\"required name=search_term_string\"}],\"inLanguage\":\"fr-FR\"},{\"@type\":\"WebPage\",\"@id\":\"https:\/\/incapickguards.com\/index.php\/contact\/#webpage\",\"url\":\"https:\/\/incapickguards.com\/index.php\/contact\/\",\"name\":\"Contact - INCA\",\"isPartOf\":{\"@id\":\"https:\/\/incapickguards.com\/#website\"},\"datePublished\":\"2021-11-29T23:20:54+00:00\",\"dateModified\":\"2026-03-02T12:39:47+00:00\",\"breadcrumb\":{\"@id\":\"https:\/\/incapickguards.com\/index.php\/contact\/#breadcrumb\"},\"inLanguage\":\"fr-FR\",\"potentialAction\":[{\"@type\":\"ReadAction\",\"target\":[\"https:\/\/incapickguards.com\/index.php\/contact\/\"]}]},{\"@type\":\"BreadcrumbList\",\"@id\":\"https:\/\/incapickguards.com\/index.php\/contact\/#breadcrumb\",\"itemListElement\":[{\"@type\":\"ListItem\",\"position\":1,\"name\":\"Accueil\",\"item\":\"https:\/\/incapickguards.com\/\"},{\"@type\":\"ListItem\",\"position\":2,\"name\":\"Contact\"}]}]}<\/script>\n<!-- \/ Yoast SEO plugin. -->","yoast_head_json":{"title":"Contact - INCA","robots":{"index":"index","follow":"follow","max-snippet":"max-snippet:-1","max-image-preview":"max-image-preview:large","max-video-preview":"max-video-preview:-1"},"canonical":"https:\/\/incapickguards.com\/index.php\/contact\/","og_locale":"fr_FR","og_type":"article","og_title":"Contact - INCA","og_description":"INCA c&#8217;est fini. Mais nous continuons \u00e0 r\u00e9pondre aux mails.","og_url":"https:\/\/incapickguards.com\/index.php\/contact\/","og_site_name":"INCA","article_modified_time":"2026-03-02T12:39:47+00:00","twitter_card":"summary_large_image","twitter_misc":{"Dur\u00e9e de lecture estim\u00e9e":"1 minute"},"schema":{"@context":"https:\/\/schema.org","@graph":[{"@type":"WebSite","@id":"https:\/\/incapickguards.com\/#website","url":"https:\/\/incapickguards.com\/","name":"INCA","description":"Graphic Pickguards","potentialAction":[{"@type":"SearchAction","target":{"@type":"EntryPoint","urlTemplate":"https:\/\/incapickguards.com\/?s={search_term_string}"},"query-input":"required name=search_term_string"}],"inLanguage":"fr-FR"},{"@type":"WebPage","@id":"https:\/\/incapickguards.com\/index.php\/contact\/#webpage","url":"https:\/\/incapickguards.com\/index.php\/contact\/","name":"Contact - INCA","isPartOf":{"@id":"https:\/\/incapickguards.com\/#website"},"datePublished":"2021-11-29T23:20:54+00:00","dateModified":"2026-03-02T12:39:47+00:00","breadcrumb":{"@id":"https:\/\/incapickguards.com\/index.php\/contact\/#breadcrumb"},"inLanguage":"fr-FR","potentialAction":[{"@type":"ReadAction","target":["https:\/\/incapickguards.com\/index.php\/contact\/"]}]},{"@type":"BreadcrumbList","@id":"https:\/\/incapickguards.com\/index.php\/contact\/#breadcrumb","itemListElement":[{"@type":"ListItem","position":1,"name":"Accueil","item":"https:\/\/incapickguards.com\/"},{"@type":"ListItem","position":2,"name":"Contact"}]}]}},"uagb_featured_image_src":{"full":false,"thumbnail":false,"medium":false,"medium_large":false,"large":false,"1536x1536":false,"2048x2048":false,"neve-blog":false,"woocommerce_thumbnail":false,"woocommerce_single":false,"woocommerce_gallery_thumbnail":false,"shop_catalog":false,"shop_single":false,"shop_thumbnail":false},"uagb_author_info":{"display_name":"admin6252","author_link":"https:\/\/incapickguards.com\/index.php\/author\/admin6252\/"},"uagb_comment_info":0,"uagb_excerpt":"INCA c&#8217;est fini. Mais nous continuons \u00e0 r\u00e9pondre aux mails.","jetpack-related-posts":[{"id":721,"url":"https:\/\/incapickguards.com\/","url_meta":{"origin":797,"position":0},"title":"Accueil &#8211; Inca &#8211; pickguards pour guitares","date":"29 novembre 2021","format":false,"excerpt":"INCA : Pickguards s\u00e9rigraphi\u00e9s avec des motifs exclusifs. Con\u00e7u & fait main en France. L'aventure INCA, c'est fini ! Le site reste accessible mais ne sera plus mis \u00e0 jour.Notre boutique est d\u00e9finitivement ferm\u00e9e. Merci de nous contacter via ce mail pour toute demande de pickguard custom. Merci merci les\u2026","rel":"","context":"Article similaire","img":{"alt_text":"","src":"https:\/\/i0.wp.com\/incapickguards.com\/wp-content\/uploads\/2022\/05\/14052022-_MG_7413-30.jpg?resize=350%2C200&ssl=1","width":350,"height":200},"classes":[]},{"id":1008,"url":"https:\/\/incapickguards.com\/index.php\/mentions-legales-cgu\/","url_meta":{"origin":797,"position":1},"title":"Mentions L\u00e9gales &#038; Conditions g\u00e9n\u00e9rales d&#8217;utilisation","date":"6 mars 2022","format":false,"excerpt":"\u2022 Les mentions que personne ne lit c'est ici. INCA est un petit projet enti\u00e8rement situ\u00e9 en France (\u00e0 Nice), et notre site et vos donn\u00e9es sont h\u00e9berg\u00e9es en France \u00e9galement.\u2022 Nous n'utilisons que des cookies techniques n\u00e9cessaires pour l\u2019utilisation ou la navigation sur le site internet (langue, donn\u00e9es de\u2026","rel":"","context":"Article similaire","img":{"alt_text":"","src":"","width":0,"height":0},"classes":[]},{"id":1525,"url":"https:\/\/incapickguards.com\/index.php\/changement-de-pickguard-telecaster\/","url_meta":{"origin":797,"position":2},"title":"Changement de pickguard Telecaster","date":"19 mai 2022","format":false,"excerpt":"Changement de pickguard pour Telecaster. Outils : Tournevis cruciforme standard, tournevis plat (micro)Dur\u00e9e : 15 minutes Conseils : S\u00e9parez bien les vis de pickguard \/ vis de micros. Gardez bien les tubes (ou ressorts) sous les vis du micro manche. Retirez vos cordes.Retirez les vis de pickguard et les 2\u2026","rel":"","context":"Article similaire","img":{"alt_text":"","src":"https:\/\/i0.wp.com\/incapickguards.com\/wp-content\/uploads\/2022\/05\/14052022-_MG_7435-49.jpg?resize=350%2C200&ssl=1","width":350,"height":200},"classes":[]},{"id":1431,"url":"https:\/\/incapickguards.com\/index.php\/changement-de-pickguard-stratocaster\/","url_meta":{"origin":797,"position":3},"title":"Changement de pickguard Stratocaster","date":"18 mai 2022","format":false,"excerpt":"Changement de pickguard pour Stratocaster Outils : Tournevis cruciforme standard, pince ou clef de 12mm (pour les \u00e9crous)Dur\u00e9e : 20 minutes Conseils : S\u00e9parez bien les vis de pickguard \/ vis de switch \/ vis de micros. Et mettez \u00e0 part les \u00e9crous de boutons et les tubes en plastiques\u2026","rel":"","context":"Article similaire","img":{"alt_text":"","src":"https:\/\/i0.wp.com\/incapickguards.com\/wp-content\/uploads\/2022\/05\/14052022-_MG_7452-56.jpg?resize=350%2C200&ssl=1","width":350,"height":200},"classes":[]}],"_links":{"self":[{"href":"https:\/\/incapickguards.com\/index.php\/wp-json\/wp\/v2\/pages\/797"}],"collection":[{"href":"https:\/\/incapickguards.com\/index.php\/wp-json\/wp\/v2\/pages"}],"about":[{"href":"https:\/\/incapickguards.com\/index.php\/wp-json\/wp\/v2\/types\/page"}],"author":[{"embeddable":true,"href":"https:\/\/incapickguards.com\/index.php\/wp-json\/wp\/v2\/users\/1"}],"replies":[{"embeddable":true,"href":"https:\/\/incapickguards.com\/index.php\/wp-json\/wp\/v2\/comments?post=797"}],"version-history":[{"count":8,"href":"https:\/\/incapickguards.com\/index.php\/wp-json\/wp\/v2\/pages\/797\/revisions"}],"predecessor-version":[{"id":1595,"href":"https:\/\/incapickguards.com\/index.php\/wp-json\/wp\/v2\/pages\/797\/revisions\/1595"}],"wp:attachment":[{"href":"https:\/\/incapickguards.com\/index.php\/wp-json\/wp\/v2\/media?parent=797"}],"curies":[{"name":"wp","href":"https:\/\/api.w.org\/{rel}","templated":true}]}}