{"id":1227,"date":"2022-05-17T17:08:27","date_gmt":"2022-05-17T15:08:27","guid":{"rendered":"https:\/\/incapickguards.com\/?post_type=product&#038;p=1227"},"modified":"2026-03-02T13:34:51","modified_gmt":"2026-03-02T12:34:51","slug":"telecaster-palms","status":"publish","type":"product","link":"https:\/\/incapickguards.com\/index.php\/produit\/telecaster-palms\/","title":{"rendered":"&#8220;Palms&#8221; \u2014 Pickguard pour Telecaster"},"content":{"rendered":"<p>Pr\u00eat pour partir \u00e0 L.A. avec votre Tele sous le bras ? Nous avons d\u00e9cid\u00e9 de passer \u00e0 la couleur Layla, hm enfin, au LILAS.<\/p>\n<p>Nous avons r\u00e9alis\u00e9 une teinte d&#8217;encre maison exclusive, pour sublimer ce motif palmiers.<\/p>\n<p>La petit histoire : gr\u00e2ce \u00e0 ce pickguard, on peut jouer Hotel California d&#8217;une traite.<\/p>\n<hr>\n<p>Contenu de la boite : 1 pickguard num\u00e9rot\u00e9, 1 carte postale motif <em>Palms<\/em>, 1 enveloppe INCA, 3 stickers <em>Guitar God<\/em>.<\/p>\n","protected":false},"excerpt":{"rendered":"<p>\u00c0 l&#8217;ombre des palmiers.<\/p>\n","protected":false},"featured_media":1295,"comment_status":"open","ping_status":"closed","template":"","meta":{"neve_meta_sidebar":"","neve_meta_container":"","neve_meta_enable_content_width":"off","neve_meta_content_width":100,"neve_meta_title_alignment":"","neve_meta_author_avatar":"","neve_post_elements_order":"","neve_meta_disable_header":"","neve_meta_disable_footer":"","neve_meta_disable_title":"","ngg_post_thumbnail":0,"spay_email":"","jetpack_publicize_message":"","jetpack_is_tweetstorm":false,"jetpack_publicize_feature_enabled":true},"product_cat":[66,67],"product_tag":[],"yoast_head":"<!-- This site is optimized with the Yoast SEO plugin v18.8 - https:\/\/yoast.com\/wordpress\/plugins\/seo\/ -->\n<title>&quot;Palms&quot; \u2014 Pickguard pour Telecaster - INCA<\/title>\n<meta name=\"description\" content=\"INCA - Des pickguards originaux et graphiques, pour votre Telecaster - Voyagez en Californie avec le motif Palms et sa couleur exclusive.\" \/>\n<meta name=\"robots\" content=\"index, follow, max-snippet:-1, max-image-preview:large, max-video-preview:-1\" \/>\n<link rel=\"canonical\" href=\"https:\/\/incapickguards.com\/index.php\/produit\/telecaster-palms\/\" \/>\n<meta property=\"og:locale\" content=\"fr_FR\" \/>\n<meta property=\"og:type\" content=\"article\" \/>\n<meta property=\"og:title\" content=\"&quot;Palms&quot; \u2014 Pickguard pour Telecaster - INCA\" \/>\n<meta property=\"og:description\" content=\"INCA - Des pickguards originaux et graphiques, pour votre Telecaster - Voyagez en Californie avec le motif Palms et sa couleur exclusive.\" \/>\n<meta property=\"og:url\" content=\"https:\/\/incapickguards.com\/index.php\/produit\/telecaster-palms\/\" \/>\n<meta property=\"og:site_name\" content=\"INCA\" \/>\n<meta property=\"article:modified_time\" content=\"2026-03-02T12:34:51+00:00\" \/>\n<meta property=\"og:image\" content=\"https:\/\/incapickguards.com\/wp-content\/uploads\/2022\/05\/14052022-_MG_7399-26.jpg\" \/>\n\t<meta property=\"og:image:width\" content=\"2500\" \/>\n\t<meta property=\"og:image:height\" content=\"2377\" \/>\n\t<meta property=\"og:image:type\" content=\"image\/jpeg\" \/>\n<meta name=\"twitter:card\" content=\"summary_large_image\" \/>\n<meta name=\"twitter:label1\" content=\"Dur\u00e9e de lecture estim\u00e9e\" \/>\n\t<meta name=\"twitter:data1\" content=\"1 minute\" \/>\n<script type=\"application\/ld+json\" class=\"yoast-schema-graph\">{\"@context\":\"https:\/\/schema.org\",\"@graph\":[{\"@type\":\"WebSite\",\"@id\":\"https:\/\/incapickguards.com\/#website\",\"url\":\"https:\/\/incapickguards.com\/\",\"name\":\"INCA\",\"description\":\"Graphic Pickguards\",\"potentialAction\":[{\"@type\":\"SearchAction\",\"target\":{\"@type\":\"EntryPoint\",\"urlTemplate\":\"https:\/\/incapickguards.com\/?s={search_term_string}\"},\"query-input\":\"required name=search_term_string\"}],\"inLanguage\":\"fr-FR\"},{\"@type\":\"ImageObject\",\"inLanguage\":\"fr-FR\",\"@id\":\"https:\/\/incapickguards.com\/index.php\/produit\/telecaster-palms\/#primaryimage\",\"url\":\"https:\/\/i0.wp.com\/incapickguards.com\/wp-content\/uploads\/2022\/05\/14052022-_MG_7399-26.jpg?fit=2500%2C2377&ssl=1\",\"contentUrl\":\"https:\/\/i0.wp.com\/incapickguards.com\/wp-content\/uploads\/2022\/05\/14052022-_MG_7399-26.jpg?fit=2500%2C2377&ssl=1\",\"width\":2500,\"height\":2377},{\"@type\":\"WebPage\",\"@id\":\"https:\/\/incapickguards.com\/index.php\/produit\/telecaster-palms\/#webpage\",\"url\":\"https:\/\/incapickguards.com\/index.php\/produit\/telecaster-palms\/\",\"name\":\"\\\"Palms\\\" \u2014 Pickguard pour Telecaster - INCA\",\"isPartOf\":{\"@id\":\"https:\/\/incapickguards.com\/#website\"},\"primaryImageOfPage\":{\"@id\":\"https:\/\/incapickguards.com\/index.php\/produit\/telecaster-palms\/#primaryimage\"},\"datePublished\":\"2022-05-17T15:08:27+00:00\",\"dateModified\":\"2026-03-02T12:34:51+00:00\",\"description\":\"INCA - Des pickguards originaux et graphiques, pour votre Telecaster - Voyagez en Californie avec le motif Palms et sa couleur exclusive.\",\"breadcrumb\":{\"@id\":\"https:\/\/incapickguards.com\/index.php\/produit\/telecaster-palms\/#breadcrumb\"},\"inLanguage\":\"fr-FR\",\"potentialAction\":[{\"@type\":\"ReadAction\",\"target\":[\"https:\/\/incapickguards.com\/index.php\/produit\/telecaster-palms\/\"]}]},{\"@type\":\"BreadcrumbList\",\"@id\":\"https:\/\/incapickguards.com\/index.php\/produit\/telecaster-palms\/#breadcrumb\",\"itemListElement\":[{\"@type\":\"ListItem\",\"position\":1,\"name\":\"Accueil\",\"item\":\"https:\/\/incapickguards.com\/\"},{\"@type\":\"ListItem\",\"position\":2,\"name\":\"\"},{\"@type\":\"ListItem\",\"position\":3,\"name\":\"&#8220;Palms&#8221; \u2014 Pickguard pour Telecaster\"}]}]}<\/script>\n<!-- \/ Yoast SEO plugin. -->","yoast_head_json":{"title":"\"Palms\" \u2014 Pickguard pour Telecaster - INCA","description":"INCA - Des pickguards originaux et graphiques, pour votre Telecaster - Voyagez en Californie avec le motif Palms et sa couleur exclusive.","robots":{"index":"index","follow":"follow","max-snippet":"max-snippet:-1","max-image-preview":"max-image-preview:large","max-video-preview":"max-video-preview:-1"},"canonical":"https:\/\/incapickguards.com\/index.php\/produit\/telecaster-palms\/","og_locale":"fr_FR","og_type":"article","og_title":"\"Palms\" \u2014 Pickguard pour Telecaster - INCA","og_description":"INCA - Des pickguards originaux et graphiques, pour votre Telecaster - Voyagez en Californie avec le motif Palms et sa couleur exclusive.","og_url":"https:\/\/incapickguards.com\/index.php\/produit\/telecaster-palms\/","og_site_name":"INCA","article_modified_time":"2026-03-02T12:34:51+00:00","og_image":[{"width":2500,"height":2377,"url":"https:\/\/incapickguards.com\/wp-content\/uploads\/2022\/05\/14052022-_MG_7399-26.jpg","type":"image\/jpeg"}],"twitter_card":"summary_large_image","twitter_misc":{"Dur\u00e9e de lecture estim\u00e9e":"1 minute"},"schema":{"@context":"https:\/\/schema.org","@graph":[{"@type":"WebSite","@id":"https:\/\/incapickguards.com\/#website","url":"https:\/\/incapickguards.com\/","name":"INCA","description":"Graphic Pickguards","potentialAction":[{"@type":"SearchAction","target":{"@type":"EntryPoint","urlTemplate":"https:\/\/incapickguards.com\/?s={search_term_string}"},"query-input":"required name=search_term_string"}],"inLanguage":"fr-FR"},{"@type":"ImageObject","inLanguage":"fr-FR","@id":"https:\/\/incapickguards.com\/index.php\/produit\/telecaster-palms\/#primaryimage","url":"https:\/\/i0.wp.com\/incapickguards.com\/wp-content\/uploads\/2022\/05\/14052022-_MG_7399-26.jpg?fit=2500%2C2377&ssl=1","contentUrl":"https:\/\/i0.wp.com\/incapickguards.com\/wp-content\/uploads\/2022\/05\/14052022-_MG_7399-26.jpg?fit=2500%2C2377&ssl=1","width":2500,"height":2377},{"@type":"WebPage","@id":"https:\/\/incapickguards.com\/index.php\/produit\/telecaster-palms\/#webpage","url":"https:\/\/incapickguards.com\/index.php\/produit\/telecaster-palms\/","name":"\"Palms\" \u2014 Pickguard pour Telecaster - INCA","isPartOf":{"@id":"https:\/\/incapickguards.com\/#website"},"primaryImageOfPage":{"@id":"https:\/\/incapickguards.com\/index.php\/produit\/telecaster-palms\/#primaryimage"},"datePublished":"2022-05-17T15:08:27+00:00","dateModified":"2026-03-02T12:34:51+00:00","description":"INCA - Des pickguards originaux et graphiques, pour votre Telecaster - Voyagez en Californie avec le motif Palms et sa couleur exclusive.","breadcrumb":{"@id":"https:\/\/incapickguards.com\/index.php\/produit\/telecaster-palms\/#breadcrumb"},"inLanguage":"fr-FR","potentialAction":[{"@type":"ReadAction","target":["https:\/\/incapickguards.com\/index.php\/produit\/telecaster-palms\/"]}]},{"@type":"BreadcrumbList","@id":"https:\/\/incapickguards.com\/index.php\/produit\/telecaster-palms\/#breadcrumb","itemListElement":[{"@type":"ListItem","position":1,"name":"Accueil","item":"https:\/\/incapickguards.com\/"},{"@type":"ListItem","position":2,"name":""},{"@type":"ListItem","position":3,"name":"&#8220;Palms&#8221; \u2014 Pickguard pour Telecaster"}]}]}},"jetpack-related-posts":[{"id":1205,"url":"https:\/\/incapickguards.com\/index.php\/produit\/stratocaster-palms\/","url_meta":{"origin":1227,"position":0},"title":"&#8220;Palms&#8221; \u2014 Pickguard pour Stratocaster","date":"15 mai 2022","format":false,"excerpt":"\u00c0 l'ombre des palmiers.","rel":"","context":"Article similaire","img":{"alt_text":"","src":"https:\/\/i0.wp.com\/incapickguards.com\/wp-content\/uploads\/2022\/05\/14052022-_MG_7393-25.jpg?fit=1200%2C1188&ssl=1&resize=350%2C200","width":350,"height":200},"classes":[]},{"id":1201,"url":"https:\/\/incapickguards.com\/index.php\/produit\/pickguard-stratocaster-psychelevator\/","url_meta":{"origin":1227,"position":1},"title":"&#8220;Psychelevator&#8221; \u2014 Pickguard pour Stratocaster","date":"15 mai 2022","format":false,"excerpt":"Explorez le style pingouin.","rel":"","context":"Article similaire","img":{"alt_text":"","src":"https:\/\/i0.wp.com\/incapickguards.com\/wp-content\/uploads\/2022\/05\/14052022-_MG_7420-36.jpg?fit=1200%2C1200&ssl=1&resize=350%2C200","width":350,"height":200},"classes":[]},{"id":1197,"url":"https:\/\/incapickguards.com\/index.php\/produit\/telecaster-psy\/","url_meta":{"origin":1227,"position":2},"title":"&#8220;Psychelevator&#8221; \u2014 Pickguard pour Telecaster","date":"15 mai 2022","format":false,"excerpt":"Explorez de nouvelles dimensions.","rel":"","context":"Article similaire","img":{"alt_text":"","src":"https:\/\/i0.wp.com\/incapickguards.com\/wp-content\/uploads\/2022\/05\/14052022-_MG_7418-35.jpg?fit=1200%2C1200&ssl=1&resize=350%2C200","width":350,"height":200},"classes":[]},{"id":1260,"url":"https:\/\/incapickguards.com\/index.php\/produit\/telecaster-dancing-shoes\/","url_meta":{"origin":1227,"position":3},"title":"&#8220;Dancing Shoes&#8221; \u2014 Pickguard pour Telecaster","date":"17 mai 2022","format":false,"excerpt":"Put your red shoes on and riff the blues.","rel":"","context":"Article similaire","img":{"alt_text":"","src":"https:\/\/i0.wp.com\/incapickguards.com\/wp-content\/uploads\/2022\/05\/14052022-_MG_7416-33.jpg?fit=1200%2C1141&ssl=1&resize=350%2C200","width":350,"height":200},"classes":[]},{"id":1256,"url":"https:\/\/incapickguards.com\/index.php\/produit\/stratocaster-dancing-shoes\/","url_meta":{"origin":1227,"position":4},"title":"&#8220;Dancing Shoes&#8221; \u2014 Pickguard pour Stratocaster","date":"17 mai 2022","format":false,"excerpt":"Put your red shoes on and riff the blues.","rel":"","context":"Article similaire","img":{"alt_text":"","src":"https:\/\/i0.wp.com\/incapickguards.com\/wp-content\/uploads\/2022\/05\/14052022-_MG_7417-34.jpg?fit=1200%2C1200&ssl=1&resize=350%2C200","width":350,"height":200},"classes":[]},{"id":1252,"url":"https:\/\/incapickguards.com\/index.php\/produit\/stratocaster-the-wire\/","url_meta":{"origin":1227,"position":5},"title":"&#8220;The Wire&#8221; \u2014 Pickguard pour Stratocaster","date":"17 mai 2022","format":false,"excerpt":"R\u00e9veillez la sauvagerie.","rel":"","context":"Article similaire","img":{"alt_text":"","src":"https:\/\/i0.wp.com\/incapickguards.com\/wp-content\/uploads\/2022\/05\/14052022-_MG_7411-28.jpg?fit=1200%2C1200&ssl=1&resize=350%2C200","width":350,"height":200},"classes":[]}],"_links":{"self":[{"href":"https:\/\/incapickguards.com\/index.php\/wp-json\/wp\/v2\/product\/1227"}],"collection":[{"href":"https:\/\/incapickguards.com\/index.php\/wp-json\/wp\/v2\/product"}],"about":[{"href":"https:\/\/incapickguards.com\/index.php\/wp-json\/wp\/v2\/types\/product"}],"replies":[{"embeddable":true,"href":"https:\/\/incapickguards.com\/index.php\/wp-json\/wp\/v2\/comments?post=1227"}],"wp:featuredmedia":[{"embeddable":true,"href":"https:\/\/incapickguards.com\/index.php\/wp-json\/wp\/v2\/media\/1295"}],"wp:attachment":[{"href":"https:\/\/incapickguards.com\/index.php\/wp-json\/wp\/v2\/media?parent=1227"}],"wp:term":[{"taxonomy":"product_cat","embeddable":true,"href":"https:\/\/incapickguards.com\/index.php\/wp-json\/wp\/v2\/product_cat?post=1227"},{"taxonomy":"product_tag","embeddable":true,"href":"https:\/\/incapickguards.com\/index.php\/wp-json\/wp\/v2\/product_tag?post=1227"}],"curies":[{"name":"wp","href":"https:\/\/api.w.org\/{rel}","templated":true}]}}