{"id":1232,"date":"2022-05-17T21:00:59","date_gmt":"2022-05-17T19:00:59","guid":{"rendered":"https:\/\/incapickguards.com\/?post_type=product&#038;p=1232"},"modified":"2026-03-02T13:34:41","modified_gmt":"2026-03-02T12:34:41","slug":"telecaster-guitar-god","status":"publish","type":"product","link":"https:\/\/incapickguards.com\/index.php\/produit\/telecaster-guitar-god\/","title":{"rendered":"&#8220;Guitar God&#8221; \u2014 Pickguard pour Telecaster"},"content":{"rendered":"<p>Perch\u00e9 dans ses nuages gr\u00e2ce \u00e0 sa Flying V&#8230; Il avance en jouant 3 psaumes \u00e0 la seconde.<\/p>\n<p>Soyez plus ironique qu&#8217;un hipster \u00e0 moustache en affichant le Guitar God sur votre Fender.<\/p>\n<p>La petite histoire : Sorti des nuages furtivement, il para\u00eet qu&#8217;un jour de 1966 Guitar God toucha du bout de son mediator Eric Clapton.<\/p>\n<hr>\n<p>Contenu de la boite : 1 pickguard num\u00e9rot\u00e9, 1 carte postale motif <em>Guitar God<\/em>, 1 enveloppe INCA, 3 stickers <em>Guitar God<\/em>.<\/p>\n","protected":false},"excerpt":{"rendered":"<p>Psaume 1, verset 1 : 6 cordes en 7 jours.<\/p>\n","protected":false},"featured_media":1298,"comment_status":"open","ping_status":"closed","template":"","meta":{"neve_meta_sidebar":"","neve_meta_container":"","neve_meta_enable_content_width":"off","neve_meta_content_width":100,"neve_meta_title_alignment":"","neve_meta_author_avatar":"","neve_post_elements_order":"","neve_meta_disable_header":"","neve_meta_disable_footer":"","neve_meta_disable_title":"","ngg_post_thumbnail":0,"spay_email":"","jetpack_publicize_message":"","jetpack_is_tweetstorm":false,"jetpack_publicize_feature_enabled":true},"product_cat":[66,67],"product_tag":[],"yoast_head":"<!-- This site is optimized with the Yoast SEO plugin v18.8 - https:\/\/yoast.com\/wordpress\/plugins\/seo\/ -->\n<title>&quot;Guitar God&quot; \u2014 Pickguard pour Telecaster - INCA<\/title>\n<meta name=\"description\" content=\"INCA - Des pickguards originaux et graphiques, pour votre Telecaster - Le Guitar God et sa Flying V des nuages . Un classique !\" \/>\n<meta name=\"robots\" content=\"index, follow, max-snippet:-1, max-image-preview:large, max-video-preview:-1\" \/>\n<link rel=\"canonical\" href=\"https:\/\/incapickguards.com\/index.php\/produit\/telecaster-guitar-god\/\" \/>\n<meta property=\"og:locale\" content=\"fr_FR\" \/>\n<meta property=\"og:type\" content=\"article\" \/>\n<meta property=\"og:title\" content=\"&quot;Guitar God&quot; \u2014 Pickguard pour Telecaster - INCA\" \/>\n<meta property=\"og:description\" content=\"INCA - Des pickguards originaux et graphiques, pour votre Telecaster - Le Guitar God et sa Flying V des nuages . Un classique !\" \/>\n<meta property=\"og:url\" content=\"https:\/\/incapickguards.com\/index.php\/produit\/telecaster-guitar-god\/\" \/>\n<meta property=\"og:site_name\" content=\"INCA\" \/>\n<meta property=\"article:modified_time\" content=\"2026-03-02T12:34:41+00:00\" \/>\n<meta property=\"og:image\" content=\"https:\/\/incapickguards.com\/wp-content\/uploads\/2022\/05\/14052022-_MG_7412-29.jpg\" \/>\n\t<meta property=\"og:image:width\" content=\"2500\" \/>\n\t<meta property=\"og:image:height\" content=\"2500\" \/>\n\t<meta property=\"og:image:type\" content=\"image\/jpeg\" \/>\n<meta name=\"twitter:card\" content=\"summary_large_image\" \/>\n<meta name=\"twitter:label1\" content=\"Dur\u00e9e de lecture estim\u00e9e\" \/>\n\t<meta name=\"twitter:data1\" content=\"1 minute\" \/>\n<script type=\"application\/ld+json\" class=\"yoast-schema-graph\">{\"@context\":\"https:\/\/schema.org\",\"@graph\":[{\"@type\":\"WebSite\",\"@id\":\"https:\/\/incapickguards.com\/#website\",\"url\":\"https:\/\/incapickguards.com\/\",\"name\":\"INCA\",\"description\":\"Graphic Pickguards\",\"potentialAction\":[{\"@type\":\"SearchAction\",\"target\":{\"@type\":\"EntryPoint\",\"urlTemplate\":\"https:\/\/incapickguards.com\/?s={search_term_string}\"},\"query-input\":\"required name=search_term_string\"}],\"inLanguage\":\"fr-FR\"},{\"@type\":\"ImageObject\",\"inLanguage\":\"fr-FR\",\"@id\":\"https:\/\/incapickguards.com\/index.php\/produit\/telecaster-guitar-god\/#primaryimage\",\"url\":\"https:\/\/i0.wp.com\/incapickguards.com\/wp-content\/uploads\/2022\/05\/14052022-_MG_7412-29.jpg?fit=2500%2C2500&ssl=1\",\"contentUrl\":\"https:\/\/i0.wp.com\/incapickguards.com\/wp-content\/uploads\/2022\/05\/14052022-_MG_7412-29.jpg?fit=2500%2C2500&ssl=1\",\"width\":2500,\"height\":2500},{\"@type\":\"WebPage\",\"@id\":\"https:\/\/incapickguards.com\/index.php\/produit\/telecaster-guitar-god\/#webpage\",\"url\":\"https:\/\/incapickguards.com\/index.php\/produit\/telecaster-guitar-god\/\",\"name\":\"\\\"Guitar God\\\" \u2014 Pickguard pour Telecaster - INCA\",\"isPartOf\":{\"@id\":\"https:\/\/incapickguards.com\/#website\"},\"primaryImageOfPage\":{\"@id\":\"https:\/\/incapickguards.com\/index.php\/produit\/telecaster-guitar-god\/#primaryimage\"},\"datePublished\":\"2022-05-17T19:00:59+00:00\",\"dateModified\":\"2026-03-02T12:34:41+00:00\",\"description\":\"INCA - Des pickguards originaux et graphiques, pour votre Telecaster - Le Guitar God et sa Flying V des nuages . Un classique !\",\"breadcrumb\":{\"@id\":\"https:\/\/incapickguards.com\/index.php\/produit\/telecaster-guitar-god\/#breadcrumb\"},\"inLanguage\":\"fr-FR\",\"potentialAction\":[{\"@type\":\"ReadAction\",\"target\":[\"https:\/\/incapickguards.com\/index.php\/produit\/telecaster-guitar-god\/\"]}]},{\"@type\":\"BreadcrumbList\",\"@id\":\"https:\/\/incapickguards.com\/index.php\/produit\/telecaster-guitar-god\/#breadcrumb\",\"itemListElement\":[{\"@type\":\"ListItem\",\"position\":1,\"name\":\"Accueil\",\"item\":\"https:\/\/incapickguards.com\/\"},{\"@type\":\"ListItem\",\"position\":2,\"name\":\"\"},{\"@type\":\"ListItem\",\"position\":3,\"name\":\"&#8220;Guitar God&#8221; \u2014 Pickguard pour Telecaster\"}]}]}<\/script>\n<!-- \/ Yoast SEO plugin. -->","yoast_head_json":{"title":"\"Guitar God\" \u2014 Pickguard pour Telecaster - INCA","description":"INCA - Des pickguards originaux et graphiques, pour votre Telecaster - Le Guitar God et sa Flying V des nuages . Un classique !","robots":{"index":"index","follow":"follow","max-snippet":"max-snippet:-1","max-image-preview":"max-image-preview:large","max-video-preview":"max-video-preview:-1"},"canonical":"https:\/\/incapickguards.com\/index.php\/produit\/telecaster-guitar-god\/","og_locale":"fr_FR","og_type":"article","og_title":"\"Guitar God\" \u2014 Pickguard pour Telecaster - INCA","og_description":"INCA - Des pickguards originaux et graphiques, pour votre Telecaster - Le Guitar God et sa Flying V des nuages . Un classique !","og_url":"https:\/\/incapickguards.com\/index.php\/produit\/telecaster-guitar-god\/","og_site_name":"INCA","article_modified_time":"2026-03-02T12:34:41+00:00","og_image":[{"width":2500,"height":2500,"url":"https:\/\/incapickguards.com\/wp-content\/uploads\/2022\/05\/14052022-_MG_7412-29.jpg","type":"image\/jpeg"}],"twitter_card":"summary_large_image","twitter_misc":{"Dur\u00e9e de lecture estim\u00e9e":"1 minute"},"schema":{"@context":"https:\/\/schema.org","@graph":[{"@type":"WebSite","@id":"https:\/\/incapickguards.com\/#website","url":"https:\/\/incapickguards.com\/","name":"INCA","description":"Graphic Pickguards","potentialAction":[{"@type":"SearchAction","target":{"@type":"EntryPoint","urlTemplate":"https:\/\/incapickguards.com\/?s={search_term_string}"},"query-input":"required name=search_term_string"}],"inLanguage":"fr-FR"},{"@type":"ImageObject","inLanguage":"fr-FR","@id":"https:\/\/incapickguards.com\/index.php\/produit\/telecaster-guitar-god\/#primaryimage","url":"https:\/\/i0.wp.com\/incapickguards.com\/wp-content\/uploads\/2022\/05\/14052022-_MG_7412-29.jpg?fit=2500%2C2500&ssl=1","contentUrl":"https:\/\/i0.wp.com\/incapickguards.com\/wp-content\/uploads\/2022\/05\/14052022-_MG_7412-29.jpg?fit=2500%2C2500&ssl=1","width":2500,"height":2500},{"@type":"WebPage","@id":"https:\/\/incapickguards.com\/index.php\/produit\/telecaster-guitar-god\/#webpage","url":"https:\/\/incapickguards.com\/index.php\/produit\/telecaster-guitar-god\/","name":"\"Guitar God\" \u2014 Pickguard pour Telecaster - INCA","isPartOf":{"@id":"https:\/\/incapickguards.com\/#website"},"primaryImageOfPage":{"@id":"https:\/\/incapickguards.com\/index.php\/produit\/telecaster-guitar-god\/#primaryimage"},"datePublished":"2022-05-17T19:00:59+00:00","dateModified":"2026-03-02T12:34:41+00:00","description":"INCA - Des pickguards originaux et graphiques, pour votre Telecaster - Le Guitar God et sa Flying V des nuages . Un classique !","breadcrumb":{"@id":"https:\/\/incapickguards.com\/index.php\/produit\/telecaster-guitar-god\/#breadcrumb"},"inLanguage":"fr-FR","potentialAction":[{"@type":"ReadAction","target":["https:\/\/incapickguards.com\/index.php\/produit\/telecaster-guitar-god\/"]}]},{"@type":"BreadcrumbList","@id":"https:\/\/incapickguards.com\/index.php\/produit\/telecaster-guitar-god\/#breadcrumb","itemListElement":[{"@type":"ListItem","position":1,"name":"Accueil","item":"https:\/\/incapickguards.com\/"},{"@type":"ListItem","position":2,"name":""},{"@type":"ListItem","position":3,"name":"&#8220;Guitar God&#8221; \u2014 Pickguard pour Telecaster"}]}]}},"jetpack-related-posts":[{"id":1236,"url":"https:\/\/incapickguards.com\/index.php\/produit\/stratocaster-guitar-god\/","url_meta":{"origin":1232,"position":0},"title":"&#8220;Guitar God&#8221; \u2014 Pickguard pour Stratocaster","date":"17 mai 2022","format":false,"excerpt":"Psaume 1, verset 1 : 6 cordes en 7 jours.","rel":"","context":"Article similaire","img":{"alt_text":"","src":"https:\/\/i0.wp.com\/incapickguards.com\/wp-content\/uploads\/2022\/05\/14052022-_MG_7413-30.jpg?fit=1200%2C1200&ssl=1&resize=350%2C200","width":350,"height":200},"classes":[]},{"id":1252,"url":"https:\/\/incapickguards.com\/index.php\/produit\/stratocaster-the-wire\/","url_meta":{"origin":1232,"position":1},"title":"&#8220;The Wire&#8221; \u2014 Pickguard pour Stratocaster","date":"17 mai 2022","format":false,"excerpt":"R\u00e9veillez la sauvagerie.","rel":"","context":"Article similaire","img":{"alt_text":"","src":"https:\/\/i0.wp.com\/incapickguards.com\/wp-content\/uploads\/2022\/05\/14052022-_MG_7411-28.jpg?fit=1200%2C1200&ssl=1&resize=350%2C200","width":350,"height":200},"classes":[]},{"id":1248,"url":"https:\/\/incapickguards.com\/index.php\/produit\/telecaster-the-wire\/","url_meta":{"origin":1232,"position":2},"title":"&#8220;The Wire&#8221; \u2014 Pickguard pour Telecaster","date":"17 mai 2022","format":false,"excerpt":"R\u00e9veillez la sauvagerie.","rel":"","context":"Article similaire","img":{"alt_text":"","src":"https:\/\/i0.wp.com\/incapickguards.com\/wp-content\/uploads\/2022\/05\/14052022-_MG_7409-27.jpg?fit=1200%2C1141&ssl=1&resize=350%2C200","width":350,"height":200},"classes":[]},{"id":1266,"url":"https:\/\/incapickguards.com\/index.php\/produit\/12-vis-noires-pour-pickguard\/","url_meta":{"origin":1232,"position":3},"title":"12 vis noires pour pickguard","date":"17 mai 2022","format":false,"excerpt":"Une touche d'originalit\u00e9 pour votre guitare.","rel":"","context":"Article similaire","img":{"alt_text":"","src":"https:\/\/i0.wp.com\/incapickguards.com\/wp-content\/uploads\/2022\/05\/14052022-_MG_7301-1.jpg?fit=1200%2C800&ssl=1&resize=350%2C200","width":350,"height":200},"classes":[]},{"id":1201,"url":"https:\/\/incapickguards.com\/index.php\/produit\/pickguard-stratocaster-psychelevator\/","url_meta":{"origin":1232,"position":4},"title":"&#8220;Psychelevator&#8221; \u2014 Pickguard pour Stratocaster","date":"15 mai 2022","format":false,"excerpt":"Explorez le style pingouin.","rel":"","context":"Article similaire","img":{"alt_text":"","src":"https:\/\/i0.wp.com\/incapickguards.com\/wp-content\/uploads\/2022\/05\/14052022-_MG_7420-36.jpg?fit=1200%2C1200&ssl=1&resize=350%2C200","width":350,"height":200},"classes":[]},{"id":1197,"url":"https:\/\/incapickguards.com\/index.php\/produit\/telecaster-psy\/","url_meta":{"origin":1232,"position":5},"title":"&#8220;Psychelevator&#8221; \u2014 Pickguard pour Telecaster","date":"15 mai 2022","format":false,"excerpt":"Explorez de nouvelles dimensions.","rel":"","context":"Article similaire","img":{"alt_text":"","src":"https:\/\/i0.wp.com\/incapickguards.com\/wp-content\/uploads\/2022\/05\/14052022-_MG_7418-35.jpg?fit=1200%2C1200&ssl=1&resize=350%2C200","width":350,"height":200},"classes":[]}],"_links":{"self":[{"href":"https:\/\/incapickguards.com\/index.php\/wp-json\/wp\/v2\/product\/1232"}],"collection":[{"href":"https:\/\/incapickguards.com\/index.php\/wp-json\/wp\/v2\/product"}],"about":[{"href":"https:\/\/incapickguards.com\/index.php\/wp-json\/wp\/v2\/types\/product"}],"replies":[{"embeddable":true,"href":"https:\/\/incapickguards.com\/index.php\/wp-json\/wp\/v2\/comments?post=1232"}],"wp:featuredmedia":[{"embeddable":true,"href":"https:\/\/incapickguards.com\/index.php\/wp-json\/wp\/v2\/media\/1298"}],"wp:attachment":[{"href":"https:\/\/incapickguards.com\/index.php\/wp-json\/wp\/v2\/media?parent=1232"}],"wp:term":[{"taxonomy":"product_cat","embeddable":true,"href":"https:\/\/incapickguards.com\/index.php\/wp-json\/wp\/v2\/product_cat?post=1232"},{"taxonomy":"product_tag","embeddable":true,"href":"https:\/\/incapickguards.com\/index.php\/wp-json\/wp\/v2\/product_tag?post=1232"}],"curies":[{"name":"wp","href":"https:\/\/api.w.org\/{rel}","templated":true}]}}