{"id":1265,"date":"2022-05-17T22:33:10","date_gmt":"2022-05-17T20:33:10","guid":{"rendered":"https:\/\/incapickguards.com\/?post_type=product&#038;p=1265"},"modified":"2026-03-02T13:31:29","modified_gmt":"2026-03-02T12:31:29","slug":"12-vis-chromees-pour-pickguard","status":"publish","type":"product","link":"https:\/\/incapickguards.com\/index.php\/produit\/12-vis-chromees-pour-pickguard\/","title":{"rendered":"12 vis chrom\u00e9es pour pickguard"},"content":{"rendered":"<p>Bo\u00eete de 12 vis chrom\u00e9es pour pickguard. Comme \u00e7a, vous pourrez ranger les anciennes !<\/p>\n<p>Compatible pour tout pickguard Fender.<\/p>\n<hr>\n<p>Contenu de la boite : Bo\u00eete kraft rigide, 12 vis, 3 stickers <em>Guitar God.<\/em><\/p>\n","protected":false},"excerpt":{"rendered":"<p>Un set de vis classiques, dans une bo\u00eete r\u00e9-utilisable.<\/p>\n","protected":false},"featured_media":1271,"comment_status":"open","ping_status":"closed","template":"","meta":{"neve_meta_sidebar":"","neve_meta_container":"","neve_meta_enable_content_width":"off","neve_meta_content_width":100,"neve_meta_title_alignment":"","neve_meta_author_avatar":"","neve_post_elements_order":"","neve_meta_disable_header":"","neve_meta_disable_footer":"","neve_meta_disable_title":"","ngg_post_thumbnail":0,"spay_email":"","jetpack_publicize_message":"","jetpack_is_tweetstorm":false,"jetpack_publicize_feature_enabled":true},"product_cat":[69],"product_tag":[],"yoast_head":"<!-- This site is optimized with the Yoast SEO plugin v18.8 - https:\/\/yoast.com\/wordpress\/plugins\/seo\/ -->\n<title>12 vis chrom\u00e9es pour pickguard - INCA<\/title>\n<meta name=\"description\" content=\"une jolie boite de vis chrome classiques pour pickguard Fender.\" \/>\n<meta name=\"robots\" content=\"index, follow, max-snippet:-1, max-image-preview:large, max-video-preview:-1\" \/>\n<link rel=\"canonical\" href=\"https:\/\/incapickguards.com\/index.php\/produit\/12-vis-chromees-pour-pickguard\/\" \/>\n<meta property=\"og:locale\" content=\"fr_FR\" \/>\n<meta property=\"og:type\" content=\"article\" \/>\n<meta property=\"og:title\" content=\"12 vis chrom\u00e9es pour pickguard - INCA\" \/>\n<meta property=\"og:description\" content=\"une jolie boite de vis chrome classiques pour pickguard Fender.\" \/>\n<meta property=\"og:url\" content=\"https:\/\/incapickguards.com\/index.php\/produit\/12-vis-chromees-pour-pickguard\/\" \/>\n<meta property=\"og:site_name\" content=\"INCA\" \/>\n<meta property=\"article:modified_time\" content=\"2026-03-02T12:31:29+00:00\" \/>\n<meta property=\"og:image\" content=\"https:\/\/incapickguards.com\/wp-content\/uploads\/2022\/05\/14052022-_MG_7302-2.jpg\" \/>\n\t<meta property=\"og:image:width\" content=\"2500\" \/>\n\t<meta property=\"og:image:height\" content=\"1667\" \/>\n\t<meta property=\"og:image:type\" content=\"image\/jpeg\" \/>\n<meta name=\"twitter:card\" content=\"summary_large_image\" \/>\n<meta name=\"twitter:label1\" content=\"Dur\u00e9e de lecture estim\u00e9e\" \/>\n\t<meta name=\"twitter:data1\" content=\"1 minute\" \/>\n<script type=\"application\/ld+json\" class=\"yoast-schema-graph\">{\"@context\":\"https:\/\/schema.org\",\"@graph\":[{\"@type\":\"WebSite\",\"@id\":\"https:\/\/incapickguards.com\/#website\",\"url\":\"https:\/\/incapickguards.com\/\",\"name\":\"INCA\",\"description\":\"Graphic Pickguards\",\"potentialAction\":[{\"@type\":\"SearchAction\",\"target\":{\"@type\":\"EntryPoint\",\"urlTemplate\":\"https:\/\/incapickguards.com\/?s={search_term_string}\"},\"query-input\":\"required name=search_term_string\"}],\"inLanguage\":\"fr-FR\"},{\"@type\":\"ImageObject\",\"inLanguage\":\"fr-FR\",\"@id\":\"https:\/\/incapickguards.com\/index.php\/produit\/12-vis-chromees-pour-pickguard\/#primaryimage\",\"url\":\"https:\/\/i0.wp.com\/incapickguards.com\/wp-content\/uploads\/2022\/05\/14052022-_MG_7302-2.jpg?fit=2500%2C1667&ssl=1\",\"contentUrl\":\"https:\/\/i0.wp.com\/incapickguards.com\/wp-content\/uploads\/2022\/05\/14052022-_MG_7302-2.jpg?fit=2500%2C1667&ssl=1\",\"width\":2500,\"height\":1667},{\"@type\":\"WebPage\",\"@id\":\"https:\/\/incapickguards.com\/index.php\/produit\/12-vis-chromees-pour-pickguard\/#webpage\",\"url\":\"https:\/\/incapickguards.com\/index.php\/produit\/12-vis-chromees-pour-pickguard\/\",\"name\":\"12 vis chrom\u00e9es pour pickguard - INCA\",\"isPartOf\":{\"@id\":\"https:\/\/incapickguards.com\/#website\"},\"primaryImageOfPage\":{\"@id\":\"https:\/\/incapickguards.com\/index.php\/produit\/12-vis-chromees-pour-pickguard\/#primaryimage\"},\"datePublished\":\"2022-05-17T20:33:10+00:00\",\"dateModified\":\"2026-03-02T12:31:29+00:00\",\"description\":\"une jolie boite de vis chrome classiques pour pickguard Fender.\",\"breadcrumb\":{\"@id\":\"https:\/\/incapickguards.com\/index.php\/produit\/12-vis-chromees-pour-pickguard\/#breadcrumb\"},\"inLanguage\":\"fr-FR\",\"potentialAction\":[{\"@type\":\"ReadAction\",\"target\":[\"https:\/\/incapickguards.com\/index.php\/produit\/12-vis-chromees-pour-pickguard\/\"]}]},{\"@type\":\"BreadcrumbList\",\"@id\":\"https:\/\/incapickguards.com\/index.php\/produit\/12-vis-chromees-pour-pickguard\/#breadcrumb\",\"itemListElement\":[{\"@type\":\"ListItem\",\"position\":1,\"name\":\"Accueil\",\"item\":\"https:\/\/incapickguards.com\/\"},{\"@type\":\"ListItem\",\"position\":2,\"name\":\"\"},{\"@type\":\"ListItem\",\"position\":3,\"name\":\"12 vis chrom\u00e9es pour pickguard\"}]}]}<\/script>\n<!-- \/ Yoast SEO plugin. -->","yoast_head_json":{"title":"12 vis chrom\u00e9es pour pickguard - INCA","description":"une jolie boite de vis chrome classiques pour pickguard Fender.","robots":{"index":"index","follow":"follow","max-snippet":"max-snippet:-1","max-image-preview":"max-image-preview:large","max-video-preview":"max-video-preview:-1"},"canonical":"https:\/\/incapickguards.com\/index.php\/produit\/12-vis-chromees-pour-pickguard\/","og_locale":"fr_FR","og_type":"article","og_title":"12 vis chrom\u00e9es pour pickguard - INCA","og_description":"une jolie boite de vis chrome classiques pour pickguard Fender.","og_url":"https:\/\/incapickguards.com\/index.php\/produit\/12-vis-chromees-pour-pickguard\/","og_site_name":"INCA","article_modified_time":"2026-03-02T12:31:29+00:00","og_image":[{"width":2500,"height":1667,"url":"https:\/\/incapickguards.com\/wp-content\/uploads\/2022\/05\/14052022-_MG_7302-2.jpg","type":"image\/jpeg"}],"twitter_card":"summary_large_image","twitter_misc":{"Dur\u00e9e de lecture estim\u00e9e":"1 minute"},"schema":{"@context":"https:\/\/schema.org","@graph":[{"@type":"WebSite","@id":"https:\/\/incapickguards.com\/#website","url":"https:\/\/incapickguards.com\/","name":"INCA","description":"Graphic Pickguards","potentialAction":[{"@type":"SearchAction","target":{"@type":"EntryPoint","urlTemplate":"https:\/\/incapickguards.com\/?s={search_term_string}"},"query-input":"required name=search_term_string"}],"inLanguage":"fr-FR"},{"@type":"ImageObject","inLanguage":"fr-FR","@id":"https:\/\/incapickguards.com\/index.php\/produit\/12-vis-chromees-pour-pickguard\/#primaryimage","url":"https:\/\/i0.wp.com\/incapickguards.com\/wp-content\/uploads\/2022\/05\/14052022-_MG_7302-2.jpg?fit=2500%2C1667&ssl=1","contentUrl":"https:\/\/i0.wp.com\/incapickguards.com\/wp-content\/uploads\/2022\/05\/14052022-_MG_7302-2.jpg?fit=2500%2C1667&ssl=1","width":2500,"height":1667},{"@type":"WebPage","@id":"https:\/\/incapickguards.com\/index.php\/produit\/12-vis-chromees-pour-pickguard\/#webpage","url":"https:\/\/incapickguards.com\/index.php\/produit\/12-vis-chromees-pour-pickguard\/","name":"12 vis chrom\u00e9es pour pickguard - INCA","isPartOf":{"@id":"https:\/\/incapickguards.com\/#website"},"primaryImageOfPage":{"@id":"https:\/\/incapickguards.com\/index.php\/produit\/12-vis-chromees-pour-pickguard\/#primaryimage"},"datePublished":"2022-05-17T20:33:10+00:00","dateModified":"2026-03-02T12:31:29+00:00","description":"une jolie boite de vis chrome classiques pour pickguard Fender.","breadcrumb":{"@id":"https:\/\/incapickguards.com\/index.php\/produit\/12-vis-chromees-pour-pickguard\/#breadcrumb"},"inLanguage":"fr-FR","potentialAction":[{"@type":"ReadAction","target":["https:\/\/incapickguards.com\/index.php\/produit\/12-vis-chromees-pour-pickguard\/"]}]},{"@type":"BreadcrumbList","@id":"https:\/\/incapickguards.com\/index.php\/produit\/12-vis-chromees-pour-pickguard\/#breadcrumb","itemListElement":[{"@type":"ListItem","position":1,"name":"Accueil","item":"https:\/\/incapickguards.com\/"},{"@type":"ListItem","position":2,"name":""},{"@type":"ListItem","position":3,"name":"12 vis chrom\u00e9es pour pickguard"}]}]}},"jetpack-related-posts":[{"id":1266,"url":"https:\/\/incapickguards.com\/index.php\/produit\/12-vis-noires-pour-pickguard\/","url_meta":{"origin":1265,"position":0},"title":"12 vis noires pour pickguard","date":"17 mai 2022","format":false,"excerpt":"Une touche d'originalit\u00e9 pour votre guitare.","rel":"","context":"Article similaire","img":{"alt_text":"","src":"https:\/\/i0.wp.com\/incapickguards.com\/wp-content\/uploads\/2022\/05\/14052022-_MG_7301-1.jpg?fit=1200%2C800&ssl=1&resize=350%2C200","width":350,"height":200},"classes":[]},{"id":1201,"url":"https:\/\/incapickguards.com\/index.php\/produit\/pickguard-stratocaster-psychelevator\/","url_meta":{"origin":1265,"position":1},"title":"&#8220;Psychelevator&#8221; \u2014 Pickguard pour Stratocaster","date":"15 mai 2022","format":false,"excerpt":"Explorez le style pingouin.","rel":"","context":"Article similaire","img":{"alt_text":"","src":"https:\/\/i0.wp.com\/incapickguards.com\/wp-content\/uploads\/2022\/05\/14052022-_MG_7420-36.jpg?fit=1200%2C1200&ssl=1&resize=350%2C200","width":350,"height":200},"classes":[]},{"id":1205,"url":"https:\/\/incapickguards.com\/index.php\/produit\/stratocaster-palms\/","url_meta":{"origin":1265,"position":2},"title":"&#8220;Palms&#8221; \u2014 Pickguard pour Stratocaster","date":"15 mai 2022","format":false,"excerpt":"\u00c0 l'ombre des palmiers.","rel":"","context":"Article similaire","img":{"alt_text":"","src":"https:\/\/i0.wp.com\/incapickguards.com\/wp-content\/uploads\/2022\/05\/14052022-_MG_7393-25.jpg?fit=1200%2C1188&ssl=1&resize=350%2C200","width":350,"height":200},"classes":[]},{"id":1227,"url":"https:\/\/incapickguards.com\/index.php\/produit\/telecaster-palms\/","url_meta":{"origin":1265,"position":3},"title":"&#8220;Palms&#8221; \u2014 Pickguard pour Telecaster","date":"17 mai 2022","format":false,"excerpt":"\u00c0 l'ombre des palmiers.","rel":"","context":"Article similaire","img":{"alt_text":"","src":"https:\/\/i0.wp.com\/incapickguards.com\/wp-content\/uploads\/2022\/05\/14052022-_MG_7399-26.jpg?fit=1200%2C1141&ssl=1&resize=350%2C200","width":350,"height":200},"classes":[]},{"id":1197,"url":"https:\/\/incapickguards.com\/index.php\/produit\/telecaster-psy\/","url_meta":{"origin":1265,"position":4},"title":"&#8220;Psychelevator&#8221; \u2014 Pickguard pour Telecaster","date":"15 mai 2022","format":false,"excerpt":"Explorez de nouvelles dimensions.","rel":"","context":"Article similaire","img":{"alt_text":"","src":"https:\/\/i0.wp.com\/incapickguards.com\/wp-content\/uploads\/2022\/05\/14052022-_MG_7418-35.jpg?fit=1200%2C1200&ssl=1&resize=350%2C200","width":350,"height":200},"classes":[]},{"id":1252,"url":"https:\/\/incapickguards.com\/index.php\/produit\/stratocaster-the-wire\/","url_meta":{"origin":1265,"position":5},"title":"&#8220;The Wire&#8221; \u2014 Pickguard pour Stratocaster","date":"17 mai 2022","format":false,"excerpt":"R\u00e9veillez la sauvagerie.","rel":"","context":"Article similaire","img":{"alt_text":"","src":"https:\/\/i0.wp.com\/incapickguards.com\/wp-content\/uploads\/2022\/05\/14052022-_MG_7411-28.jpg?fit=1200%2C1200&ssl=1&resize=350%2C200","width":350,"height":200},"classes":[]}],"_links":{"self":[{"href":"https:\/\/incapickguards.com\/index.php\/wp-json\/wp\/v2\/product\/1265"}],"collection":[{"href":"https:\/\/incapickguards.com\/index.php\/wp-json\/wp\/v2\/product"}],"about":[{"href":"https:\/\/incapickguards.com\/index.php\/wp-json\/wp\/v2\/types\/product"}],"replies":[{"embeddable":true,"href":"https:\/\/incapickguards.com\/index.php\/wp-json\/wp\/v2\/comments?post=1265"}],"wp:featuredmedia":[{"embeddable":true,"href":"https:\/\/incapickguards.com\/index.php\/wp-json\/wp\/v2\/media\/1271"}],"wp:attachment":[{"href":"https:\/\/incapickguards.com\/index.php\/wp-json\/wp\/v2\/media?parent=1265"}],"wp:term":[{"taxonomy":"product_cat","embeddable":true,"href":"https:\/\/incapickguards.com\/index.php\/wp-json\/wp\/v2\/product_cat?post=1265"},{"taxonomy":"product_tag","embeddable":true,"href":"https:\/\/incapickguards.com\/index.php\/wp-json\/wp\/v2\/product_tag?post=1265"}],"curies":[{"name":"wp","href":"https:\/\/api.w.org\/{rel}","templated":true}]}}