{"id":1269,"date":"2022-05-17T23:00:49","date_gmt":"2022-05-17T21:00:49","guid":{"rendered":"https:\/\/incapickguards.com\/?post_type=product&#038;p=1269"},"modified":"2026-03-02T13:31:12","modified_gmt":"2026-03-02T12:31:12","slug":"tote-bag","status":"publish","type":"product","link":"https:\/\/incapickguards.com\/index.php\/produit\/tote-bag\/","title":{"rendered":"Tote bag"},"content":{"rendered":"<p>Un tote bag au format classique pour transporter vos vinyles de Cream et des Beach Boys.<\/p>\n<hr>\n<p>Tote bag classique. dit &#8220;vinyl&#8221;.<\/p>\n<p>Motif <em>Guitar God<\/em> s\u00e9rigraphi\u00e9 sur les 2 faces.<\/p>\n","protected":false},"excerpt":{"rendered":"<p>L&#8217;intemporel.<\/p>\n","protected":false},"featured_media":1369,"comment_status":"open","ping_status":"closed","template":"","meta":{"neve_meta_sidebar":"","neve_meta_container":"","neve_meta_enable_content_width":"off","neve_meta_content_width":100,"neve_meta_title_alignment":"","neve_meta_author_avatar":"","neve_post_elements_order":"","neve_meta_disable_header":"","neve_meta_disable_footer":"","neve_meta_disable_title":"","ngg_post_thumbnail":0,"spay_email":"","jetpack_publicize_message":"","jetpack_is_tweetstorm":false,"jetpack_publicize_feature_enabled":true},"product_cat":[70,72],"product_tag":[],"yoast_head":"<!-- This site is optimized with the Yoast SEO plugin v18.8 - https:\/\/yoast.com\/wordpress\/plugins\/seo\/ -->\n<title>Tote bag - INCA<\/title>\n<meta name=\"description\" content=\"Un Tote bag qui peut contenir vos courses pour la semaine ou bien beaucoup 25 p\u00e9dales.\" \/>\n<meta name=\"robots\" content=\"index, follow, max-snippet:-1, max-image-preview:large, max-video-preview:-1\" \/>\n<link rel=\"canonical\" href=\"https:\/\/incapickguards.com\/index.php\/produit\/tote-bag\/\" \/>\n<meta property=\"og:locale\" content=\"fr_FR\" \/>\n<meta property=\"og:type\" content=\"article\" \/>\n<meta property=\"og:title\" content=\"Tote bag - INCA\" \/>\n<meta property=\"og:description\" content=\"Un Tote bag qui peut contenir vos courses pour la semaine ou bien beaucoup 25 p\u00e9dales.\" \/>\n<meta property=\"og:url\" content=\"https:\/\/incapickguards.com\/index.php\/produit\/tote-bag\/\" \/>\n<meta property=\"og:site_name\" content=\"INCA\" \/>\n<meta property=\"article:modified_time\" content=\"2026-03-02T12:31:12+00:00\" \/>\n<meta property=\"og:image\" content=\"https:\/\/incapickguards.com\/wp-content\/uploads\/2022\/05\/14052022-_MG_7575-100.jpg\" \/>\n\t<meta property=\"og:image:width\" content=\"2500\" \/>\n\t<meta property=\"og:image:height\" content=\"1667\" \/>\n\t<meta property=\"og:image:type\" content=\"image\/jpeg\" \/>\n<meta name=\"twitter:card\" content=\"summary_large_image\" \/>\n<meta name=\"twitter:label1\" content=\"Dur\u00e9e de lecture estim\u00e9e\" \/>\n\t<meta name=\"twitter:data1\" content=\"1 minute\" \/>\n<script type=\"application\/ld+json\" class=\"yoast-schema-graph\">{\"@context\":\"https:\/\/schema.org\",\"@graph\":[{\"@type\":\"WebSite\",\"@id\":\"https:\/\/incapickguards.com\/#website\",\"url\":\"https:\/\/incapickguards.com\/\",\"name\":\"INCA\",\"description\":\"Graphic Pickguards\",\"potentialAction\":[{\"@type\":\"SearchAction\",\"target\":{\"@type\":\"EntryPoint\",\"urlTemplate\":\"https:\/\/incapickguards.com\/?s={search_term_string}\"},\"query-input\":\"required name=search_term_string\"}],\"inLanguage\":\"fr-FR\"},{\"@type\":\"ImageObject\",\"inLanguage\":\"fr-FR\",\"@id\":\"https:\/\/incapickguards.com\/index.php\/produit\/tote-bag\/#primaryimage\",\"url\":\"https:\/\/i0.wp.com\/incapickguards.com\/wp-content\/uploads\/2022\/05\/14052022-_MG_7575-100.jpg?fit=2500%2C1667&ssl=1\",\"contentUrl\":\"https:\/\/i0.wp.com\/incapickguards.com\/wp-content\/uploads\/2022\/05\/14052022-_MG_7575-100.jpg?fit=2500%2C1667&ssl=1\",\"width\":2500,\"height\":1667},{\"@type\":\"WebPage\",\"@id\":\"https:\/\/incapickguards.com\/index.php\/produit\/tote-bag\/#webpage\",\"url\":\"https:\/\/incapickguards.com\/index.php\/produit\/tote-bag\/\",\"name\":\"Tote bag - INCA\",\"isPartOf\":{\"@id\":\"https:\/\/incapickguards.com\/#website\"},\"primaryImageOfPage\":{\"@id\":\"https:\/\/incapickguards.com\/index.php\/produit\/tote-bag\/#primaryimage\"},\"datePublished\":\"2022-05-17T21:00:49+00:00\",\"dateModified\":\"2026-03-02T12:31:12+00:00\",\"description\":\"Un Tote bag qui peut contenir vos courses pour la semaine ou bien beaucoup 25 p\u00e9dales.\",\"breadcrumb\":{\"@id\":\"https:\/\/incapickguards.com\/index.php\/produit\/tote-bag\/#breadcrumb\"},\"inLanguage\":\"fr-FR\",\"potentialAction\":[{\"@type\":\"ReadAction\",\"target\":[\"https:\/\/incapickguards.com\/index.php\/produit\/tote-bag\/\"]}]},{\"@type\":\"BreadcrumbList\",\"@id\":\"https:\/\/incapickguards.com\/index.php\/produit\/tote-bag\/#breadcrumb\",\"itemListElement\":[{\"@type\":\"ListItem\",\"position\":1,\"name\":\"Accueil\",\"item\":\"https:\/\/incapickguards.com\/\"},{\"@type\":\"ListItem\",\"position\":2,\"name\":\"\"},{\"@type\":\"ListItem\",\"position\":3,\"name\":\"Tote bag\"}]}]}<\/script>\n<!-- \/ Yoast SEO plugin. -->","yoast_head_json":{"title":"Tote bag - INCA","description":"Un Tote bag qui peut contenir vos courses pour la semaine ou bien beaucoup 25 p\u00e9dales.","robots":{"index":"index","follow":"follow","max-snippet":"max-snippet:-1","max-image-preview":"max-image-preview:large","max-video-preview":"max-video-preview:-1"},"canonical":"https:\/\/incapickguards.com\/index.php\/produit\/tote-bag\/","og_locale":"fr_FR","og_type":"article","og_title":"Tote bag - INCA","og_description":"Un Tote bag qui peut contenir vos courses pour la semaine ou bien beaucoup 25 p\u00e9dales.","og_url":"https:\/\/incapickguards.com\/index.php\/produit\/tote-bag\/","og_site_name":"INCA","article_modified_time":"2026-03-02T12:31:12+00:00","og_image":[{"width":2500,"height":1667,"url":"https:\/\/incapickguards.com\/wp-content\/uploads\/2022\/05\/14052022-_MG_7575-100.jpg","type":"image\/jpeg"}],"twitter_card":"summary_large_image","twitter_misc":{"Dur\u00e9e de lecture estim\u00e9e":"1 minute"},"schema":{"@context":"https:\/\/schema.org","@graph":[{"@type":"WebSite","@id":"https:\/\/incapickguards.com\/#website","url":"https:\/\/incapickguards.com\/","name":"INCA","description":"Graphic Pickguards","potentialAction":[{"@type":"SearchAction","target":{"@type":"EntryPoint","urlTemplate":"https:\/\/incapickguards.com\/?s={search_term_string}"},"query-input":"required name=search_term_string"}],"inLanguage":"fr-FR"},{"@type":"ImageObject","inLanguage":"fr-FR","@id":"https:\/\/incapickguards.com\/index.php\/produit\/tote-bag\/#primaryimage","url":"https:\/\/i0.wp.com\/incapickguards.com\/wp-content\/uploads\/2022\/05\/14052022-_MG_7575-100.jpg?fit=2500%2C1667&ssl=1","contentUrl":"https:\/\/i0.wp.com\/incapickguards.com\/wp-content\/uploads\/2022\/05\/14052022-_MG_7575-100.jpg?fit=2500%2C1667&ssl=1","width":2500,"height":1667},{"@type":"WebPage","@id":"https:\/\/incapickguards.com\/index.php\/produit\/tote-bag\/#webpage","url":"https:\/\/incapickguards.com\/index.php\/produit\/tote-bag\/","name":"Tote bag - INCA","isPartOf":{"@id":"https:\/\/incapickguards.com\/#website"},"primaryImageOfPage":{"@id":"https:\/\/incapickguards.com\/index.php\/produit\/tote-bag\/#primaryimage"},"datePublished":"2022-05-17T21:00:49+00:00","dateModified":"2026-03-02T12:31:12+00:00","description":"Un Tote bag qui peut contenir vos courses pour la semaine ou bien beaucoup 25 p\u00e9dales.","breadcrumb":{"@id":"https:\/\/incapickguards.com\/index.php\/produit\/tote-bag\/#breadcrumb"},"inLanguage":"fr-FR","potentialAction":[{"@type":"ReadAction","target":["https:\/\/incapickguards.com\/index.php\/produit\/tote-bag\/"]}]},{"@type":"BreadcrumbList","@id":"https:\/\/incapickguards.com\/index.php\/produit\/tote-bag\/#breadcrumb","itemListElement":[{"@type":"ListItem","position":1,"name":"Accueil","item":"https:\/\/incapickguards.com\/"},{"@type":"ListItem","position":2,"name":""},{"@type":"ListItem","position":3,"name":"Tote bag"}]}]}},"jetpack-related-posts":[{"id":1265,"url":"https:\/\/incapickguards.com\/index.php\/produit\/12-vis-chromees-pour-pickguard\/","url_meta":{"origin":1269,"position":0},"title":"12 vis chrom\u00e9es pour pickguard","date":"17 mai 2022","format":false,"excerpt":"Un set de vis classiques, dans une bo\u00eete r\u00e9-utilisable.","rel":"","context":"Article similaire","img":{"alt_text":"","src":"https:\/\/i0.wp.com\/incapickguards.com\/wp-content\/uploads\/2022\/05\/14052022-_MG_7302-2.jpg?fit=1200%2C800&ssl=1&resize=350%2C200","width":350,"height":200},"classes":[]}],"_links":{"self":[{"href":"https:\/\/incapickguards.com\/index.php\/wp-json\/wp\/v2\/product\/1269"}],"collection":[{"href":"https:\/\/incapickguards.com\/index.php\/wp-json\/wp\/v2\/product"}],"about":[{"href":"https:\/\/incapickguards.com\/index.php\/wp-json\/wp\/v2\/types\/product"}],"replies":[{"embeddable":true,"href":"https:\/\/incapickguards.com\/index.php\/wp-json\/wp\/v2\/comments?post=1269"}],"wp:featuredmedia":[{"embeddable":true,"href":"https:\/\/incapickguards.com\/index.php\/wp-json\/wp\/v2\/media\/1369"}],"wp:attachment":[{"href":"https:\/\/incapickguards.com\/index.php\/wp-json\/wp\/v2\/media?parent=1269"}],"wp:term":[{"taxonomy":"product_cat","embeddable":true,"href":"https:\/\/incapickguards.com\/index.php\/wp-json\/wp\/v2\/product_cat?post=1269"},{"taxonomy":"product_tag","embeddable":true,"href":"https:\/\/incapickguards.com\/index.php\/wp-json\/wp\/v2\/product_tag?post=1269"}],"curies":[{"name":"wp","href":"https:\/\/api.w.org\/{rel}","templated":true}]}}